{"id":49,"date":"2024-12-10T15:41:27","date_gmt":"2024-12-10T15:41:27","guid":{"rendered":"https:\/\/reinogranadacfacademy.com\/?page_id=49"},"modified":"2024-12-10T16:01:21","modified_gmt":"2024-12-10T16:01:21","slug":"youth-academy","status":"publish","type":"page","link":"https:\/\/reinogranadacfacademy.com\/index.php\/youth-academy\/","title":{"rendered":"YOUTH ACADEMY"},"content":{"rendered":"\n<p><\/p>\n\n\n\n<p>U-21<\/p>\n\n\n\n<p>M\u00c1XIMO FINKELBERG<\/p>\n\n\n\n<p>ADRI\u00c1N MORENO<\/p>\n\n\n\n<p>ANTONIO MARTINEZ<\/p>\n\n\n\n<p>JES\u00daS V\u00cdLCHEZ<\/p>\n\n\n\n<p>CARLOS RODR\u00cdGUEZ<\/p>\n\n\n\n<p>U-18<\/p>\n\n\n\n<p>RA\u00daL LARIOS AGUADO<\/p>\n\n\n\n<p>GUILLERMO ARIZA COMINO<\/p>\n\n\n\n<p>MARCIAL JIMENEZ GARCIA<\/p>\n\n\n\n<p>U-17<\/p>\n\n\n\n<p>PABLO VILCHEZ ZARZA<\/p>\n\n\n\n<p>MARCOS GARCIA CAMPOS (GRANADA CF)<\/p>\n\n\n\n<figure class=\"wp-block-image size-full\"><img loading=\"lazy\" decoding=\"async\" width=\"558\" height=\"819\" src=\"https:\/\/reinogranadacfacademy.com\/wp-content\/uploads\/2024\/12\/MARCOS_JUVENIL_A_2324_DEBUT_GRANADA_CF_S-1.png\" alt=\"\" class=\"wp-image-55\" srcset=\"https:\/\/reinogranadacfacademy.com\/wp-content\/uploads\/2024\/12\/MARCOS_JUVENIL_A_2324_DEBUT_GRANADA_CF_S-1.png 558w, https:\/\/reinogranadacfacademy.com\/wp-content\/uploads\/2024\/12\/MARCOS_JUVENIL_A_2324_DEBUT_GRANADA_CF_S-1-204x300.png 204w\" sizes=\"auto, (max-width: 558px) 100vw, 558px\" \/><\/figure>\n\n\n\n<p>JORGE GONZ\u00c1LEZ MALAG\u00d3N<\/p>\n\n\n\n<p>U-16<\/p>\n\n\n\n<p>JOS\u00c9 ROMERO HERMOSO<\/p>\n\n\n\n<p>\u00c1NGEL VILLANUEVA SANTOS<\/p>\n\n\n\n<p>U-15<\/p>\n\n\n\n<p><\/p>\n","protected":false},"excerpt":{"rendered":"<p>U-21 M\u00c1XIMO FINKELBERG ADRI\u00c1N MORENO ANTONIO MARTINEZ JES\u00daS V\u00cdLCHEZ CARLOS RODR\u00cdGUEZ U-18 RA\u00daL LARIOS AGUADO GUILLERMO ARIZA COMINO MARCIAL JIMENEZ GARCIA U-17 PABLO VILCHEZ ZARZA MARCOS GARCIA CAMPOS (GRANADA CF) JORGE GONZ\u00c1LEZ MALAG\u00d3N U-16 JOS\u00c9 ROMERO HERMOSO \u00c1NGEL VILLANUEVA SANTOS U-15<\/p>\n","protected":false},"author":1,"featured_media":0,"parent":0,"menu_order":0,"comment_status":"closed","ping_status":"closed","template":"","meta":{"footnotes":""},"class_list":["post-49","page","type-page","status-publish","hentry"],"_links":{"self":[{"href":"https:\/\/reinogranadacfacademy.com\/index.php\/wp-json\/wp\/v2\/pages\/49","targetHints":{"allow":["GET"]}}],"collection":[{"href":"https:\/\/reinogranadacfacademy.com\/index.php\/wp-json\/wp\/v2\/pages"}],"about":[{"href":"https:\/\/reinogranadacfacademy.com\/index.php\/wp-json\/wp\/v2\/types\/page"}],"author":[{"embeddable":true,"href":"https:\/\/reinogranadacfacademy.com\/index.php\/wp-json\/wp\/v2\/users\/1"}],"replies":[{"embeddable":true,"href":"https:\/\/reinogranadacfacademy.com\/index.php\/wp-json\/wp\/v2\/comments?post=49"}],"version-history":[{"count":4,"href":"https:\/\/reinogranadacfacademy.com\/index.php\/wp-json\/wp\/v2\/pages\/49\/revisions"}],"predecessor-version":[{"id":56,"href":"https:\/\/reinogranadacfacademy.com\/index.php\/wp-json\/wp\/v2\/pages\/49\/revisions\/56"}],"wp:attachment":[{"href":"https:\/\/reinogranadacfacademy.com\/index.php\/wp-json\/wp\/v2\/media?parent=49"}],"curies":[{"name":"wp","href":"https:\/\/api.w.org\/{rel}","templated":true}]}}